{"id":496,"date":"2025-10-23T08:31:11","date_gmt":"2025-10-23T11:31:11","guid":{"rendered":"https:\/\/ramosdistribuidora.com.br\/ramos?page_id=496"},"modified":"2025-10-23T08:33:10","modified_gmt":"2025-10-23T11:33:10","slug":"privacidade-e-seguranca","status":"publish","type":"page","link":"https:\/\/ramosdistribuidora.com\/ramos\/privacidade-e-seguranca\/","title":{"rendered":"Privacidade e Seguran\u00e7a"},"content":{"rendered":"\t\t<div data-elementor-type=\"wp-page\" data-elementor-id=\"496\" class=\"elementor elementor-496\">\n\t\t\t\t<div class=\"elementor-element elementor-element-fc1d638 e-flex e-con-boxed wpr-particle-no wpr-jarallax-no wpr-parallax-no wpr-sticky-section-no e-con e-parent\" data-id=\"fc1d638\" data-element_type=\"container\" data-settings=\"{&quot;background_background&quot;:&quot;classic&quot;}\">\n\t\t\t\t\t<div class=\"e-con-inner\">\n\t\t\t\t<div class=\"elementor-element elementor-element-ec97df1 elementor-widget elementor-widget-sina_title\" data-id=\"ec97df1\" data-element_type=\"widget\" data-widget_type=\"sina_title.default\">\n\t\t\t\t<div class=\"elementor-widget-container\">\n\t\t\t\t\t\t\t<div class=\"sina-title\">\r\n\t\t\t\r\n\t\t\t\t\t\t\t<h2 class=\"sina-title-title\">Privacidade e Seguran\u00e7a<\/h2>\t\t\t\r\n\t\t\t\r\n\t\t\t\r\n\t\t\t\t\t<\/div><!-- .sina-title -->\r\n\t\t\t\t\t\t<\/div>\n\t\t\t\t<\/div>\n\t\t\t\t\t<\/div>\n\t\t\t\t<\/div>\n\t\t<div class=\"elementor-element elementor-element-28daf66 e-flex e-con-boxed wpr-particle-no wpr-jarallax-no wpr-parallax-no wpr-sticky-section-no e-con e-parent\" data-id=\"28daf66\" data-element_type=\"container\">\n\t\t\t\t\t<div class=\"e-con-inner\">\n\t\t\t\t<div class=\"elementor-element elementor-element-f7e0b43 elementor-widget elementor-widget-text-editor\" data-id=\"f7e0b43\" data-element_type=\"widget\" data-widget_type=\"text-editor.default\">\n\t\t\t\t\t\t\t\t\t<p data-start=\"256\" data-end=\"430\">A sua privacidade \u00e9 muito importante para n\u00f3s. Este documento tem como objetivo explicar de forma simples e transparente como tratamos as informa\u00e7\u00f5es coletadas em nosso site.<\/p><h3 data-start=\"432\" data-end=\"464\"><strong data-start=\"436\" data-end=\"464\">1. Coleta de informa\u00e7\u00f5es<\/strong><\/h3><p data-start=\"465\" data-end=\"767\">Coletamos dados pessoais apenas quando necess\u00e1rio, como nome, e-mail, telefone e mensagem \u2014 geralmente por meio de formul\u00e1rios de contato, cadastros ou or\u00e7amentos.<br data-start=\"628\" data-end=\"631\" \/>Essas informa\u00e7\u00f5es s\u00e3o utilizadas exclusivamente para responder \u00e0s suas solicita\u00e7\u00f5es e manter um relacionamento transparente e eficiente.<\/p><h3 data-start=\"769\" data-end=\"799\"><strong data-start=\"773\" data-end=\"799\">2. Uso das informa\u00e7\u00f5es<\/strong><\/h3><p data-start=\"800\" data-end=\"846\">As informa\u00e7\u00f5es fornecidas s\u00e3o utilizadas para:<\/p><ul data-start=\"847\" data-end=\"1038\"><li data-start=\"847\" data-end=\"905\"><p data-start=\"849\" data-end=\"905\">Entrar em contato e responder d\u00favidas ou solicita\u00e7\u00f5es;<\/p><\/li><li data-start=\"906\" data-end=\"987\"><p data-start=\"908\" data-end=\"987\">Enviar or\u00e7amentos, propostas ou informa\u00e7\u00f5es sobre nossos produtos e servi\u00e7os;<\/p><\/li><li data-start=\"988\" data-end=\"1038\"><p data-start=\"990\" data-end=\"1038\">Melhorar sua experi\u00eancia de navega\u00e7\u00e3o no site.<\/p><\/li><\/ul><p data-start=\"1040\" data-end=\"1158\">N\u00e3o compartilhamos seus dados com terceiros, exceto quando exigido por lei ou para o cumprimento de obriga\u00e7\u00f5es legais.<\/p><h3 data-start=\"1160\" data-end=\"1196\"><strong data-start=\"1164\" data-end=\"1196\">3. Armazenamento e seguran\u00e7a<\/strong><\/h3><p data-start=\"1197\" data-end=\"1377\">Todos os dados s\u00e3o armazenados em ambiente seguro, com acesso restrito e medidas t\u00e9cnicas e administrativas voltadas \u00e0 prote\u00e7\u00e3o contra perda, uso indevido ou acesso n\u00e3o autorizado.<\/p><h3 data-start=\"1379\" data-end=\"1418\"><strong data-start=\"1383\" data-end=\"1418\">4. Cookies e dados de navega\u00e7\u00e3o<\/strong><\/h3><p data-start=\"1419\" data-end=\"1687\">Nosso site pode utilizar cookies para melhorar sua experi\u00eancia, facilitar o uso e entender melhor como os visitantes interagem com as p\u00e1ginas.<br data-start=\"1561\" data-end=\"1564\" \/>Voc\u00ea pode desativar os cookies a qualquer momento nas configura\u00e7\u00f5es do seu navegador, sem comprometer o uso b\u00e1sico do site.<\/p><h3 data-start=\"1689\" data-end=\"1719\"><strong data-start=\"1693\" data-end=\"1719\">5. Direitos do usu\u00e1rio<\/strong><\/h3><p data-start=\"1720\" data-end=\"1896\">Voc\u00ea pode solicitar, a qualquer momento, a atualiza\u00e7\u00e3o, corre\u00e7\u00e3o ou exclus\u00e3o de seus dados pessoais, bastando entrar em contato conosco por meio dos canais dispon\u00edveis no site.<\/p><h3 data-start=\"1898\" data-end=\"1934\"><strong data-start=\"1902\" data-end=\"1934\">6. Altera\u00e7\u00f5es nesta pol\u00edtica<\/strong><\/h3><p data-start=\"1935\" data-end=\"2140\">Podemos atualizar esta Pol\u00edtica de Privacidade periodicamente para refletir melhorias ou mudan\u00e7as em nossos processos.<br data-start=\"2053\" data-end=\"2056\" \/>Recomendamos que voc\u00ea consulte esta p\u00e1gina regularmente para se manter informado(a).<\/p><h3 data-start=\"2142\" data-end=\"2160\"><strong data-start=\"2146\" data-end=\"2160\">7. Contato<\/strong><\/h3><p data-start=\"2161\" data-end=\"2310\">Em caso de d\u00favidas sobre esta Pol\u00edtica de Privacidade ou sobre o uso dos seus dados, entre em contato conosco pelos canais dispon\u00edveis em nosso site.<\/p>\t\t\t\t\t\t\t\t<\/div>\n\t\t\t\t\t<\/div>\n\t\t\t\t<\/div>\n\t\t\t\t<section class=\"elementor-section elementor-top-section elementor-element elementor-element-1b50911 elementor-section-boxed elementor-section-height-default elementor-section-height-default wpr-particle-no wpr-jarallax-no wpr-parallax-no wpr-sticky-section-no\" data-id=\"1b50911\" data-element_type=\"section\" data-settings=\"{&quot;background_background&quot;:&quot;classic&quot;}\">\n\t\t\t\t\t\t<div class=\"elementor-container elementor-column-gap-default\">\n\t\t\t\t\t<div class=\"elementor-column elementor-col-100 elementor-top-column elementor-element elementor-element-179fcc2\" data-id=\"179fcc2\" data-element_type=\"column\" data-settings=\"{&quot;background_background&quot;:&quot;classic&quot;}\">\n\t\t\t<div class=\"elementor-widget-wrap elementor-element-populated\">\n\t\t\t\t\t<div class=\"elementor-background-overlay\"><\/div>\n\t\t\t\t\t\t<section class=\"elementor-section elementor-inner-section elementor-element elementor-element-65f7a6d elementor-section-boxed elementor-section-height-default elementor-section-height-default wpr-particle-no wpr-jarallax-no wpr-parallax-no wpr-sticky-section-no\" data-id=\"65f7a6d\" data-element_type=\"section\">\n\t\t\t\t\t\t<div class=\"elementor-container elementor-column-gap-default\">\n\t\t\t\t\t<div class=\"elementor-column elementor-col-25 elementor-inner-column elementor-element elementor-element-ead8b47\" data-id=\"ead8b47\" data-element_type=\"column\" data-settings=\"{&quot;background_background&quot;:&quot;classic&quot;}\">\n\t\t\t<div class=\"elementor-widget-wrap elementor-element-populated\">\n\t\t\t\t\t\t<div class=\"elementor-element elementor-element-f68bef5 elementor-view-default elementor-position-top elementor-mobile-position-top elementor-widget elementor-widget-icon-box\" data-id=\"f68bef5\" data-element_type=\"widget\" data-widget_type=\"icon-box.default\">\n\t\t\t\t\t\t\t<div class=\"elementor-icon-box-wrapper\">\n\n\t\t\t\t\t\t<div class=\"elementor-icon-box-icon\">\n\t\t\t\t<span  class=\"elementor-icon\">\n\t\t\t\t<svg aria-hidden=\"true\" class=\"e-font-icon-svg e-fas-shipping-fast\" viewBox=\"0 0 640 512\" xmlns=\"http:\/\/www.w3.org\/2000\/svg\"><path d=\"M624 352h-16V243.9c0-12.7-5.1-24.9-14.1-33.9L494 110.1c-9-9-21.2-14.1-33.9-14.1H416V48c0-26.5-21.5-48-48-48H112C85.5 0 64 21.5 64 48v48H8c-4.4 0-8 3.6-8 8v16c0 4.4 3.6 8 8 8h272c4.4 0 8 3.6 8 8v16c0 4.4-3.6 8-8 8H40c-4.4 0-8 3.6-8 8v16c0 4.4 3.6 8 8 8h208c4.4 0 8 3.6 8 8v16c0 4.4-3.6 8-8 8H8c-4.4 0-8 3.6-8 8v16c0 4.4 3.6 8 8 8h208c4.4 0 8 3.6 8 8v16c0 4.4-3.6 8-8 8H64v128c0 53 43 96 96 96s96-43 96-96h128c0 53 43 96 96 96s96-43 96-96h48c8.8 0 16-7.2 16-16v-32c0-8.8-7.2-16-16-16zM160 464c-26.5 0-48-21.5-48-48s21.5-48 48-48 48 21.5 48 48-21.5 48-48 48zm320 0c-26.5 0-48-21.5-48-48s21.5-48 48-48 48 21.5 48 48-21.5 48-48 48zm80-208H416V144h44.1l99.9 99.9V256z\"><\/path><\/svg>\t\t\t\t<\/span>\n\t\t\t<\/div>\n\t\t\t\n\t\t\t\t\t\t<div class=\"elementor-icon-box-content\">\n\n\t\t\t\t\t\t\t\t\t<h3 class=\"elementor-icon-box-title\">\n\t\t\t\t\t\t<span  >\n\t\t\t\t\t\t\tEntrega R\u00e1pida\t\t\t\t\t\t<\/span>\n\t\t\t\t\t<\/h3>\n\t\t\t\t\n\t\t\t\t\n\t\t\t<\/div>\n\t\t\t\n\t\t<\/div>\n\t\t\t\t\t\t<\/div>\n\t\t\t\t\t<\/div>\n\t\t<\/div>\n\t\t\t\t<div class=\"elementor-column elementor-col-25 elementor-inner-column elementor-element elementor-element-e01bbf0\" data-id=\"e01bbf0\" data-element_type=\"column\" data-settings=\"{&quot;background_background&quot;:&quot;classic&quot;}\">\n\t\t\t<div class=\"elementor-widget-wrap elementor-element-populated\">\n\t\t\t\t\t\t<div class=\"elementor-element elementor-element-78a9434 elementor-view-default elementor-position-top elementor-mobile-position-top elementor-widget elementor-widget-icon-box\" data-id=\"78a9434\" data-element_type=\"widget\" data-widget_type=\"icon-box.default\">\n\t\t\t\t\t\t\t<div class=\"elementor-icon-box-wrapper\">\n\n\t\t\t\t\t\t<div class=\"elementor-icon-box-icon\">\n\t\t\t\t<span  class=\"elementor-icon\">\n\t\t\t\t<svg aria-hidden=\"true\" class=\"e-font-icon-svg e-fas-medal\" viewBox=\"0 0 512 512\" xmlns=\"http:\/\/www.w3.org\/2000\/svg\"><path d=\"M223.75 130.75L154.62 15.54A31.997 31.997 0 0 0 127.18 0H16.03C3.08 0-4.5 14.57 2.92 25.18l111.27 158.96c29.72-27.77 67.52-46.83 109.56-53.39zM495.97 0H384.82c-11.24 0-21.66 5.9-27.44 15.54l-69.13 115.21c42.04 6.56 79.84 25.62 109.56 53.38L509.08 25.18C516.5 14.57 508.92 0 495.97 0zM256 160c-97.2 0-176 78.8-176 176s78.8 176 176 176 176-78.8 176-176-78.8-176-176-176zm92.52 157.26l-37.93 36.96 8.97 52.22c1.6 9.36-8.26 16.51-16.65 12.09L256 393.88l-46.9 24.65c-8.4 4.45-18.25-2.74-16.65-12.09l8.97-52.22-37.93-36.96c-6.82-6.64-3.05-18.23 6.35-19.59l52.43-7.64 23.43-47.52c2.11-4.28 6.19-6.39 10.28-6.39 4.11 0 8.22 2.14 10.33 6.39l23.43 47.52 52.43 7.64c9.4 1.36 13.17 12.95 6.35 19.59z\"><\/path><\/svg>\t\t\t\t<\/span>\n\t\t\t<\/div>\n\t\t\t\n\t\t\t\t\t\t<div class=\"elementor-icon-box-content\">\n\n\t\t\t\t\t\t\t\t\t<h3 class=\"elementor-icon-box-title\">\n\t\t\t\t\t\t<span  >\n\t\t\t\t\t\t\tQualidade e Confian\u00e7a\t\t\t\t\t\t<\/span>\n\t\t\t\t\t<\/h3>\n\t\t\t\t\n\t\t\t\t\n\t\t\t<\/div>\n\t\t\t\n\t\t<\/div>\n\t\t\t\t\t\t<\/div>\n\t\t\t\t\t<\/div>\n\t\t<\/div>\n\t\t\t\t<div class=\"elementor-column elementor-col-25 elementor-inner-column elementor-element elementor-element-a11391c\" data-id=\"a11391c\" data-element_type=\"column\" data-settings=\"{&quot;background_background&quot;:&quot;classic&quot;}\">\n\t\t\t<div class=\"elementor-widget-wrap elementor-element-populated\">\n\t\t\t\t\t\t<div class=\"elementor-element elementor-element-cc13b08 elementor-view-default elementor-position-top elementor-mobile-position-top elementor-widget elementor-widget-icon-box\" data-id=\"cc13b08\" data-element_type=\"widget\" data-widget_type=\"icon-box.default\">\n\t\t\t\t\t\t\t<div class=\"elementor-icon-box-wrapper\">\n\n\t\t\t\t\t\t<div class=\"elementor-icon-box-icon\">\n\t\t\t\t<span  class=\"elementor-icon\">\n\t\t\t\t<svg aria-hidden=\"true\" class=\"e-font-icon-svg e-far-handshake\" viewBox=\"0 0 640 512\" xmlns=\"http:\/\/www.w3.org\/2000\/svg\"><path d=\"M519.2 127.9l-47.6-47.6A56.252 56.252 0 0 0 432 64H205.2c-14.8 0-29.1 5.9-39.6 16.3L118 127.9H0v255.7h64c17.6 0 31.8-14.2 31.9-31.7h9.1l84.6 76.4c30.9 25.1 73.8 25.7 105.6 3.8 12.5 10.8 26 15.9 41.1 15.9 18.2 0 35.3-7.4 48.8-24 22.1 8.7 48.2 2.6 64-16.8l26.2-32.3c5.6-6.9 9.1-14.8 10.9-23h57.9c.1 17.5 14.4 31.7 31.9 31.7h64V127.9H519.2zM48 351.6c-8.8 0-16-7.2-16-16s7.2-16 16-16 16 7.2 16 16c0 8.9-7.2 16-16 16zm390-6.9l-26.1 32.2c-2.8 3.4-7.8 4-11.3 1.2l-23.9-19.4-30 36.5c-6 7.3-15 4.8-18 2.4l-36.8-31.5-15.6 19.2c-13.9 17.1-39.2 19.7-55.3 6.6l-97.3-88H96V175.8h41.9l61.7-61.6c2-.8 3.7-1.5 5.7-2.3H262l-38.7 35.5c-29.4 26.9-31.1 72.3-4.4 101.3 14.8 16.2 61.2 41.2 101.5 4.4l8.2-7.5 108.2 87.8c3.4 2.8 3.9 7.9 1.2 11.3zm106-40.8h-69.2c-2.3-2.8-4.9-5.4-7.7-7.7l-102.7-83.4 12.5-11.4c6.5-6 7-16.1 1-22.6L367 167.1c-6-6.5-16.1-6.9-22.6-1l-55.2 50.6c-9.5 8.7-25.7 9.4-34.6 0-9.3-9.9-8.5-25.1 1.2-33.9l65.6-60.1c7.4-6.8 17-10.5 27-10.5l83.7-.2c2.1 0 4.1.8 5.5 2.3l61.7 61.6H544v128zm48 47.7c-8.8 0-16-7.2-16-16s7.2-16 16-16 16 7.2 16 16c0 8.9-7.2 16-16 16z\"><\/path><\/svg>\t\t\t\t<\/span>\n\t\t\t<\/div>\n\t\t\t\n\t\t\t\t\t\t<div class=\"elementor-icon-box-content\">\n\n\t\t\t\t\t\t\t\t\t<h3 class=\"elementor-icon-box-title\">\n\t\t\t\t\t\t<span  >\n\t\t\t\t\t\t\tAtendimento Personalizado\t\t\t\t\t\t<\/span>\n\t\t\t\t\t<\/h3>\n\t\t\t\t\n\t\t\t\t\n\t\t\t<\/div>\n\t\t\t\n\t\t<\/div>\n\t\t\t\t\t\t<\/div>\n\t\t\t\t\t<\/div>\n\t\t<\/div>\n\t\t\t\t<div class=\"elementor-column elementor-col-25 elementor-inner-column elementor-element elementor-element-da43921\" data-id=\"da43921\" data-element_type=\"column\" data-settings=\"{&quot;background_background&quot;:&quot;classic&quot;}\">\n\t\t\t<div class=\"elementor-widget-wrap elementor-element-populated\">\n\t\t\t\t\t\t<div class=\"elementor-element elementor-element-ae6451f elementor-view-default elementor-position-top elementor-mobile-position-top elementor-widget elementor-widget-icon-box\" data-id=\"ae6451f\" data-element_type=\"widget\" data-widget_type=\"icon-box.default\">\n\t\t\t\t\t\t\t<div class=\"elementor-icon-box-wrapper\">\n\n\t\t\t\t\t\t<div class=\"elementor-icon-box-icon\">\n\t\t\t\t<span  class=\"elementor-icon\">\n\t\t\t\t<i aria-hidden=\"true\" class=\"icon icon-money-3\"><\/i>\t\t\t\t<\/span>\n\t\t\t<\/div>\n\t\t\t\n\t\t\t\t\t\t<div class=\"elementor-icon-box-content\">\n\n\t\t\t\t\t\t\t\t\t<h3 class=\"elementor-icon-box-title\">\n\t\t\t\t\t\t<span  >\n\t\t\t\t\t\t\tOr\u00e7amentos Gr\u00e1tis\t\t\t\t\t\t<\/span>\n\t\t\t\t\t<\/h3>\n\t\t\t\t\n\t\t\t\t\n\t\t\t<\/div>\n\t\t\t\n\t\t<\/div>\n\t\t\t\t\t\t<\/div>\n\t\t\t\t\t<\/div>\n\t\t<\/div>\n\t\t\t\t\t<\/div>\n\t\t<\/section>\n\t\t\t\t\t<\/div>\n\t\t<\/div>\n\t\t\t\t\t<\/div>\n\t\t<\/section>\n\t\t\t\t<\/div>\n\t\t","protected":false},"excerpt":{"rendered":"<p>Privacidade e Seguran\u00e7a A sua privacidade \u00e9 muito importante para n\u00f3s. Este documento tem como objetivo explicar de forma simples e transparente como tratamos as informa\u00e7\u00f5es coletadas em nosso site. 1. Coleta de informa\u00e7\u00f5es Coletamos dados pessoais apenas quando necess\u00e1rio, como nome, e-mail, telefone e mensagem \u2014 geralmente por meio de formul\u00e1rios de contato, cadastros ou or\u00e7amentos.Essas informa\u00e7\u00f5es s\u00e3o utilizadas<\/p>\n","protected":false},"author":1,"featured_media":0,"parent":0,"menu_order":0,"comment_status":"closed","ping_status":"closed","template":"elementor_header_footer","meta":{"footnotes":""},"class_list":["post-496","page","type-page","status-publish","hentry"],"_links":{"self":[{"href":"https:\/\/ramosdistribuidora.com\/ramos\/wp-json\/wp\/v2\/pages\/496","targetHints":{"allow":["GET"]}}],"collection":[{"href":"https:\/\/ramosdistribuidora.com\/ramos\/wp-json\/wp\/v2\/pages"}],"about":[{"href":"https:\/\/ramosdistribuidora.com\/ramos\/wp-json\/wp\/v2\/types\/page"}],"author":[{"embeddable":true,"href":"https:\/\/ramosdistribuidora.com\/ramos\/wp-json\/wp\/v2\/users\/1"}],"replies":[{"embeddable":true,"href":"https:\/\/ramosdistribuidora.com\/ramos\/wp-json\/wp\/v2\/comments?post=496"}],"version-history":[{"count":7,"href":"https:\/\/ramosdistribuidora.com\/ramos\/wp-json\/wp\/v2\/pages\/496\/revisions"}],"predecessor-version":[{"id":503,"href":"https:\/\/ramosdistribuidora.com\/ramos\/wp-json\/wp\/v2\/pages\/496\/revisions\/503"}],"wp:attachment":[{"href":"https:\/\/ramosdistribuidora.com\/ramos\/wp-json\/wp\/v2\/media?parent=496"}],"curies":[{"name":"wp","href":"https:\/\/api.w.org\/{rel}","templated":true}]}}